{"id":8130,"date":"2022-10-06T12:57:44","date_gmt":"2022-10-06T10:57:44","guid":{"rendered":"http:\/\/publica.salvatoreplata.es\/?page_id=8130"},"modified":"2022-11-09T11:11:18","modified_gmt":"2022-11-09T09:11:18","slug":"avviso-legale-e-condizioni-duso","status":"publish","type":"page","link":"https:\/\/salvatoreplata.es\/it\/avviso-legale-e-condizioni-duso\/","title":{"rendered":"Avviso legale e condizioni d\u2019uso"},"content":{"rendered":"<div class=\"fusion-fullwidth fullwidth-box fusion-builder-row-1 fusion-flex-container nonhundred-percent-fullwidth non-hundred-percent-height-scrolling\" style=\"background-color: #ffffff;background-position: center center;background-repeat: no-repeat;border-width: 0px 0px 0px 0px;border-color:#eae9e9;border-style:solid;\" ><div class=\"fusion-builder-row fusion-row fusion-flex-align-items-flex-start\" style=\"max-width:1456px;margin-left: calc(-4% \/ 2 );margin-right: calc(-4% \/ 2 );\"><div class=\"fusion-layout-column fusion_builder_column fusion-builder-column-0 fusion_builder_column_1_1 1_1 fusion-flex-column\"><div class=\"fusion-column-wrapper fusion-flex-justify-content-flex-start fusion-content-layout-column\" style=\"background-position:left top;background-repeat:no-repeat;-webkit-background-size:cover;-moz-background-size:cover;-o-background-size:cover;background-size:cover;padding: 0px 0px 0px 0px;\"><div class=\"fusion-text fusion-text-1\" style=\"transform:translate3d(0,0,0);\"><h1><strong>AVVISO LEGALE E CONDIZIONI D\u2019USO<\/strong><\/h1>\n<h2>1 &#8211; TITOLARE DEL SITO<\/h2>\n<p>Il presente sito appartiene a JOYEROS 94, SL (in seguito, SALVATORE PLATA) con P.I. B96237300, sede sociale in Calle Jos\u00e9 Aguilar 12, 46022, Valencia, e iscritta nel Registro delle imprese di Valencia al Volume 4736, Libro 2046, Foglio 197, Sezione 8, Pagina V31234. Il titolare del sito pu\u00f2 essere contattato all\u2019indirizzo della sede sociale o scrivendo un\u2019e-mail a <a href=\"mailto:marketing@salvatorejoyeros.com\">marketing@salvatorejoyeros.com<\/a>.<\/p>\n<h2>2 &#8211; ACCESSO AL SITO<\/h2>\n<p>SALVATORE PLATA mette a disposizione del pubblico (in seguito, l\u2019utente) che accede al presente sito (in seguito il SITO) informazioni e prodotti (in seguito, i CONTENUTI e\/o SERVIZI).<\/p>\n<p>L\u2019accesso al sito non richiede la registrazione degli utenti. Per visualizzare determinati contenuti del sito, tuttavia, \u00e8 necessario disporre di credenziali specifiche, fornite da SALVATORE PLATA.<\/p>\n<p>Tutti gli utenti, iscritti o meno, dovranno sempre rispettare le condizioni di uso stabilite all\u2019interno del presente documento.<\/p>\n<h2>3 &#8211; CORRETTO UTILIZZO DEI SERVIZI<\/h2>\n<p>L\u2019utente si impegna a usare i servizi in modo diligente, corretto e legittimo. A titolo esemplificativo e non limitativo, \u00e8 severamente vietato:<\/p>\n<ul>\n<li>Utilizzare i servizi in modi, per scopi o con effetti contrari alla legge, alla morale e ai buoni costumi generalmente accettati o all\u2019ordine pubblico;<\/li>\n<li>Riprodurre, copiare, distribuire e permettere l\u2019accesso del pubblico, attraverso qualsiasi metodo di divulgazione, trasformare o modificare i servizi, salvo nei casi in cui si disponga dell\u2019autorizzazione del titolare dei relativi diritti e nei casi in cui ci\u00f2 sia consentito dalla legge;<\/li>\n<li>Realizzare qualsiasi azione che sia considerata una violazione di un diritto di propriet\u00e0 intellettuale o industriale di SALVATORE PLATA o di terzi;<\/li>\n<li>Utilizzare i servizi e, in particolare, qualsiasi tipo di informazione ottenuta attraverso il sito per inviare pubblicit\u00e0, comunicazioni con finalit\u00e0 di vendita diretta o qualsiasi altra finalit\u00e0 commerciale, messaggi non richiesti diretti a pi\u00f9 persone, indipendentemente dalla loro finalit\u00e0, e immettere sul mercato o divulgare in qualsiasi modo tali informazioni.<\/li>\n<\/ul>\n<p>In relazione all\u2019utilizzo del sito, l\u2019utente risponder\u00e0 dei danni di qualsiasi natura subiti da SALVATORE PLATA come conseguenza dell\u2019inadempienza agli obblighi descritti in precedenza, indicati all\u2019interno delle presenti Condizioni generali e\/o stabiliti dalla legge.<\/p>\n<p>Gli utenti minorenni dovranno utilizzare il sito con il consenso del padre, della madre o del tutore legale, che saranno responsabili per qualsiasi problema possa verificarsi a seguito dell\u2019utilizzo del sito stesso.<\/p>\n<p>SALVATORE PLATA garantir\u00e0 sempre il rispetto della legge in vigore e avr\u00e0 il diritto di interrompere, a propria discrezione, il servizio o di escludere l\u2019utente dal sito in caso di presunta commissione di reati o illeciti di cui al Codice Penale in vigore o in caso di comportamenti che, a giudizio di SALVATORE PLATA, risultino contrari alle presenti Condizioni generali o possano danneggiare le attivit\u00e0, l\u2019immagine, la credibilit\u00e0 e\/o il prestigio di SALVATORE PLATA.<\/p>\n<h2>4 &#8211; REGOLE DI COMPORTAMENTO<\/h2>\n<p>Gli utenti potranno contattare SALVATORE PLATA e interagire con determinate sezioni del sito, per esempio condividendone sezioni sui social, a condizione che rispettino il presente codice di condotta:<\/p>\n<ol>\n<li>NESSUN UTENTE POTR\u00c0 SPACCIARSI PER UN\u2019ALTRA PERSONA O UN\u2019ALTRA ORGANIZZAZIONE; l\u2019inosservanza di tale obbligo pu\u00f2 essere considerata un reato o un illecito ai sensi del Codice Penale e del Codice Civile Spagnolo.<\/li>\n<li>NON SAR\u00c0 AMMESSO L\u2019USO DI UN LINGUAGGIO OFFENSIVO E IRRISPETTOSO. Non saranno ammessi messaggi contenenti minacce, insulti gravi o altri tipi di commenti che possano urtare la sensibilit\u00e0 di terzi. SALVATORE PLATA si riserva il diritto di cancellare qualsiasi contenuto che violi la presente norma e di ricorrere alle vie legali.<\/li>\n<li>\u00c8 SEVERAMENTE VIETATO presentare, menzionare e raccomandare societ\u00e0 o siti web e, in generale, svolgere attivit\u00e0 di marketing o spam. Contenuti di tale natura saranno cancellati insieme agli account che li hanno creati e saranno notificati all\u2019Agenzia spagnola per la protezione dei dati.<\/li>\n<\/ol>\n<h2>5 &#8211; DIRITTI DI PROPRIET\u00c0<\/h2>\n<p>Tutti i contenuti del sito, quali testi, commenti, grafici, fotografie, loghi, icone, immagini, elaborazioni grafiche, codici sorgenti e software, sono di esclusiva propriet\u00e0 di SALVATORE PLATA o di terze parti; i relativi diritti sono di legittima propriet\u00e0 di SALVATORE PLATA e sono pertanto protetti dalla normativa nazionale e internazionale.<\/p>\n<p>\u00c8 severamente vietato l\u2019utilizzo di elementi coperti dal diritto di propriet\u00e0 industriale e intellettuale a fini commerciali; allo stesso modo, \u00e8 vietata la loro distribuzione, modifica, alterazione o decopilazione.<\/p>\n<h2>6 &#8211; ESCLUSIONE DI GARANZIA E DI RESPONSABILIT\u00c0<\/h2>\n<p>SALVATORE PLATA si riserva il diritto di interrompere l\u2019accesso ai servizi in qualsiasi momento e senza preavviso per motivi tecnici, di sicurezza o di controllo, a causa di attivit\u00e0 di manutenzione, di interruzione dell\u2019energia elettrica o per qualsiasi altra ragione debitamente motivata.<\/p>\n<p>SALVATORE PLATA, pertanto, non garantisce l\u2019efficienza, la disponibilit\u00e0 e la continuit\u00e0 dei servizi e del sito; gli utenti utilizzeranno quindi il sito esclusivamente per proprio conto e a proprio rischio e SALVATORE PLATA declina ogni responsabilit\u00e0 in merito.<\/p>\n<p>SALVATORE PLATA, inoltre, declina ogni responsabilit\u00e0 derivante, a titolo descrittivo ma non limitativo:<\/p>\n<ul>\n<li>Dall\u2019utilizzo dei materiali disponibili nel sito, siano essi proibiti o consentiti, effettuato dagli utenti in violazione dei diritti di propriet\u00e0 intellettuale e\/o industriale dei contenuti del sito stesso o di portali terzi.<\/li>\n<li>Dagli eventuali danni provocati agli utenti da un funzionamento normale o anomalo degli strumenti di ricerca, dall\u2019organizzazione o dalla localizzazione dei contenuti e\/o dall\u2019accesso ai servizi e, in generale, dagli errori o dai problemi che potrebbero verificarsi durante lo sviluppo o l\u2019implementazione degli elementi tecnici che danno vita al servizio.<\/li>\n<li>Dai contenuti delle pagine a cui gli utenti possono accedere dai link presenti nel sito.<\/li>\n<li>Dalle azioni o dalle omissioni di terze parti, a prescindere dagli eventuali contratti in essere tra tali terze parti e SALVATORE PLATA.<\/li>\n<\/ul>\n<p>SALVATORE PLATA, inoltre, declina qualsiasi responsabilit\u00e0 per danni di ogni tipo causati dalla presenza di virus o di altri elementi dannosi presenti nei contenuti che possano alterare i sistemi informatici e i documenti o i sistemi conservati al loro interno; SALVATORE PLATA, pertanto, non sar\u00e0 in alcun modo responsabile di eventi quali:<\/p>\n<ul>\n<li>Errori o ritardi nell\u2019accesso ai servizi da parte dell\u2019utente durante l\u2019inserimento dei dati nei moduli o qualsiasi anomalia che possa verificarsi quando tali eventi siano dovuti a problematiche della rete internet, a caso fortuito, a forza maggiore o a qualsiasi altro evento imprevedibile e indipendente dalla buona fede di SALVATORE PLATA.<\/li>\n<li>Eventuali guasti o incidenti che interessino le comunicazioni e cancellazioni o trasmissioni incomplete che non permettano di assicurare la costante operativit\u00e0 dei servizi del sito.<\/li>\n<li>Errori o danni causati al sito a seguito di un uso inefficiente e in malafede del servizio da parte dell&#8217;utente.<\/li>\n<li>Inoperativit\u00e0 o problemi dell\u2019e-mail fornita dall\u2019utente per l\u2019invio delle informazioni richieste.<\/li>\n<\/ul>\n<p>SALVATORE PLATA si impegna comunque a risolvere gli eventuali problemi e a offrire tutta la necessaria assistenza all\u2019utente al fine di raggiungere una soluzione rapida e soddisfacente della problematica.<\/p>\n<h2>7 &#8211; LINK AD ALTRI SITI<\/h2>\n<p>SALVATORE PLATA non offre garanzie e declina ogni responsabilit\u00e0 per i danni derivanti dall\u2019accesso ai servizi\/contenuti di terzi effettuato attraverso collegamenti o link a pagine web presenti nel proprio sito e per la loro accuratezza e affidabilit\u00e0. I link presenti nel sito di SALVATORE PLATA hanno esclusivamente lo scopo di informare gli utenti circa l\u2019esistenza di altre fonti di informazione su internet, in cui potr\u00e0 ampliare i servizi offerti dal portale. SALVATORE PLATA non sar\u00e0 in alcun caso responsabile dei risultati ottenuti attraverso tali link o delle conseguenze derivanti dall\u2019accesso degli utenti agli stessi. I servizi di terze parti sono forniti da tali terze parti e SALVATORE PLATA non pu\u00f2 controllare, n\u00e9 controlla, la loro liceit\u00e0 o qualit\u00e0. L\u2019utente deve pertanto prestare la massima attenzione durante la valutazione e l\u2019utilizzo delle informazioni e dei servizi presenti sui siti di terze parti.<\/p>\n<p>\u00c8 espressamente vietato introdurre collegamenti ipertestuali a fini commerciali su siti web non appartenenti a SALVATORE PLATA che consentano l\u2019accesso al presente sito senza l\u2019espresso consenso di SALVATORE PLATA. In ogni caso, l\u2019esistenza di collegamenti ipertestuali in siti non appartenenti all&#8217;azienda non implica in alcun caso l\u2019esistenza di relazioni commerciali con il titolare del sito contenente il collegamento ipertestuale, n\u00e9 l\u2019accettazione da parte di SALVATORE PLATA.<\/p>\n<h2>8 &#8211; TRATTAMENTO DEI DATI E USO DEI COOKIE<\/h2>\n<p>Nel rispetto di quanto stabilito nella normativa sulla protezione dei dati, i dati personali forniti dagli utenti attraverso il nostro sito o attraverso l\u2019invio di e-mail saranno trattati da JOYEROS 94, SL, in qualit\u00e0 di responsabile del trattamento, sulla base legale del consenso fornito dall\u2019utente per le finalit\u00e0 descritte all\u2019interno della <a href=\"https:\/\/salvatoreplata.es\/it\/politica-sulla-privacy\/\">Politica sulla privacy<\/a>, che dovr\u00e0 essere letta, compresa e accettata dall\u2019utente affinch\u00e9 possa utilizzare il presente sito.<\/p>\n<p>L\u2019utente sar\u00e0 responsabile della veridicit\u00e0 dei dati forniti e potr\u00e0 esercitare il proprio diritto di accesso, cancellazione, rettifica, opposizione, limitazione del trattamento e portabilit\u00e0 dei dati scrivendo all\u2019indirizzo della sede sociale della societ\u00e0 o inviando un\u2019e-mail a <a href=\"mailto:marketing@salvatorejoyeros.com\">marketing@salvatorejoyeros.com<\/a>; per poter esercitare i propri diritti, l\u2019utente dovr\u00e0 dimostrare la propria identit\u00e0. Qualora lo ritenga opportuno, potr\u00e0 rivolgersi all\u2019Agenzia spagnola di protezione dei dati.<\/p>\n<p>SALVATORE PLATA si impegna a rispettare la confidenzialit\u00e0 dei dati di carattere personale e, a tal fine, ha adottato le misure necessarie a impedirne l\u2019alterazione, perdita, trattamento o accesso non autorizzato, tenendo sempre in considerazione lo stato dell\u2019arte della tecnologia.<\/p>\n<p>SALVATORE PLATA informa che una semplice visita al sito non comporta la registrazione automatica di qualsivoglia dato personale in grado di identificare un utente; esistono tuttavia degli strumenti chiamati \u201ccookie\u201d che ci permettono di ottenere informazioni statistiche sull\u2019utilizzo del sito web per poter successivamente effettuare migliorie raccogliendo informazioni di carattere non personale che non sono in grado di identificare uno specifico utente. Per navigare sul sito, gli utenti devono leggere la nostra <a href=\"https:\/\/salvatoreplata.es\/it\/politica-sui-cookie\/\">Politica sui cookie<\/a>.<\/p>\n<h2>9 &#8211; LEGGE APPLICABILE E FORO COMPETENTE<\/h2>\n<p>In caso di eventuali questioni interpretative e controversie si applicher\u00e0 la legislazione spagnola; in caso di controversie, le parti stabiliscono la competenza esclusiva del foro della citt\u00e0 di Valencia.<\/p>\n<\/div><\/div><\/div><style type=\"text\/css\">.fusion-body .fusion-builder-column-0{width:100% !important;margin-top : 0px;margin-bottom : 0px;}.fusion-builder-column-0 > .fusion-column-wrapper {padding-top : 0px !important;padding-right : 0px !important;margin-right : 1.92%;padding-bottom : 0px !important;padding-left : 0px !important;margin-left : 1.92%;}@media only screen and (max-width:900px) {.fusion-body .fusion-builder-column-0{width:100% !important;}.fusion-builder-column-0 > .fusion-column-wrapper {margin-right : 1.92%;margin-left : 1.92%;}}@media only screen and (max-width:600px) {.fusion-body .fusion-builder-column-0{width:100% !important;}.fusion-builder-column-0 > .fusion-column-wrapper {margin-right : 1.92%;margin-left : 1.92%;}}<\/style><\/div><style type=\"text\/css\">.fusion-body .fusion-flex-container.fusion-builder-row-1{ padding-top : 0px;margin-top : 0px;padding-right : 0px;padding-bottom : 0px;margin-bottom : 0px;padding-left : 0px;}<\/style><\/div>\n","protected":false},"excerpt":{"rendered":"","protected":false},"author":1,"featured_media":0,"parent":0,"menu_order":0,"comment_status":"closed","ping_status":"closed","template":"","meta":{"_acf_changed":false,"footnotes":""},"class_list":["post-8130","page","type-page","status-publish","hentry"],"acf":[],"yoast_head":"<!-- This site is optimized with the Yoast SEO plugin v27.3 - https:\/\/yoast.com\/product\/yoast-seo-wordpress\/ -->\n<title>Avviso legale e condizioni d\u2019uso - Salvatore Plata<\/title>\n<meta name=\"robots\" content=\"index, follow, max-snippet:-1, max-image-preview:large, max-video-preview:-1\" \/>\n<link rel=\"canonical\" href=\"https:\/\/salvatoreplata.es\/it\/avviso-legale-e-condizioni-duso\/\" \/>\n<meta property=\"og:locale\" content=\"it_IT\" \/>\n<meta property=\"og:type\" content=\"article\" \/>\n<meta property=\"og:title\" content=\"Avviso legale e condizioni d\u2019uso - Salvatore Plata\" \/>\n<meta property=\"og:url\" content=\"https:\/\/salvatoreplata.es\/it\/avviso-legale-e-condizioni-duso\/\" \/>\n<meta property=\"og:site_name\" content=\"Salvatore Plata\" \/>\n<meta property=\"article:publisher\" content=\"https:\/\/www.facebook.com\/salvatoreplata\" \/>\n<meta property=\"article:modified_time\" content=\"2022-11-09T09:11:18+00:00\" \/>\n<meta name=\"twitter:card\" content=\"summary_large_image\" \/>\n<meta name=\"twitter:site\" content=\"@salvatoreplata\" \/>\n<meta name=\"twitter:label1\" content=\"Tempo di lettura stimato\" \/>\n\t<meta name=\"twitter:data1\" content=\"9 minuti\" \/>\n<script type=\"application\/ld+json\" class=\"yoast-schema-graph\">{\"@context\":\"https:\\\/\\\/schema.org\",\"@graph\":[{\"@type\":\"WebPage\",\"@id\":\"https:\\\/\\\/salvatoreplata.es\\\/it\\\/avviso-legale-e-condizioni-duso\\\/\",\"url\":\"https:\\\/\\\/salvatoreplata.es\\\/it\\\/avviso-legale-e-condizioni-duso\\\/\",\"name\":\"Avviso legale e condizioni d\u2019uso - Salvatore Plata\",\"isPartOf\":{\"@id\":\"https:\\\/\\\/salvatoreplata.es\\\/it\\\/#website\"},\"datePublished\":\"2022-10-06T10:57:44+00:00\",\"dateModified\":\"2022-11-09T09:11:18+00:00\",\"breadcrumb\":{\"@id\":\"https:\\\/\\\/salvatoreplata.es\\\/it\\\/avviso-legale-e-condizioni-duso\\\/#breadcrumb\"},\"inLanguage\":\"it-IT\",\"potentialAction\":[{\"@type\":\"ReadAction\",\"target\":[\"https:\\\/\\\/salvatoreplata.es\\\/it\\\/avviso-legale-e-condizioni-duso\\\/\"]}]},{\"@type\":\"BreadcrumbList\",\"@id\":\"https:\\\/\\\/salvatoreplata.es\\\/it\\\/avviso-legale-e-condizioni-duso\\\/#breadcrumb\",\"itemListElement\":[{\"@type\":\"ListItem\",\"position\":1,\"name\":\"Portada\",\"item\":\"https:\\\/\\\/salvatoreplata.es\\\/it\\\/\"},{\"@type\":\"ListItem\",\"position\":2,\"name\":\"Avviso legale e condizioni d\u2019uso\"}]},{\"@type\":\"WebSite\",\"@id\":\"https:\\\/\\\/salvatoreplata.es\\\/it\\\/#website\",\"url\":\"https:\\\/\\\/salvatoreplata.es\\\/it\\\/\",\"name\":\"Salvatore Plata\",\"description\":\"\",\"publisher\":{\"@id\":\"https:\\\/\\\/salvatoreplata.es\\\/it\\\/#organization\"},\"potentialAction\":[{\"@type\":\"SearchAction\",\"target\":{\"@type\":\"EntryPoint\",\"urlTemplate\":\"https:\\\/\\\/salvatoreplata.es\\\/it\\\/?s={search_term_string}\"},\"query-input\":{\"@type\":\"PropertyValueSpecification\",\"valueRequired\":true,\"valueName\":\"search_term_string\"}}],\"inLanguage\":\"it-IT\"},{\"@type\":\"Organization\",\"@id\":\"https:\\\/\\\/salvatoreplata.es\\\/it\\\/#organization\",\"name\":\"Salvatore Plata\",\"url\":\"https:\\\/\\\/salvatoreplata.es\\\/it\\\/\",\"logo\":{\"@type\":\"ImageObject\",\"inLanguage\":\"it-IT\",\"@id\":\"https:\\\/\\\/salvatoreplata.es\\\/it\\\/#\\\/schema\\\/logo\\\/image\\\/\",\"url\":\"https:\\\/\\\/salvatoreplata.es\\\/wp-content\\\/uploads\\\/2022\\\/06\\\/salvatore-plata-negro.png\",\"contentUrl\":\"https:\\\/\\\/salvatoreplata.es\\\/wp-content\\\/uploads\\\/2022\\\/06\\\/salvatore-plata-negro.png\",\"width\":400,\"height\":68,\"caption\":\"Salvatore Plata\"},\"image\":{\"@id\":\"https:\\\/\\\/salvatoreplata.es\\\/it\\\/#\\\/schema\\\/logo\\\/image\\\/\"},\"sameAs\":[\"https:\\\/\\\/www.facebook.com\\\/salvatoreplata\",\"https:\\\/\\\/x.com\\\/salvatoreplata\",\"https:\\\/\\\/www.instagram.com\\\/salvatore_plata\\\/\",\"https:\\\/\\\/www.youtube.com\\\/channel\\\/UCwYa7BspovHvAG8ikhdHPmQ\",\"http:\\\/\\\/www.pinterest.com\\\/salvatoreplata\\\/\"]}]}<\/script>\n<!-- \/ Yoast SEO plugin. -->","yoast_head_json":{"title":"Avviso legale e condizioni d\u2019uso - Salvatore Plata","robots":{"index":"index","follow":"follow","max-snippet":"max-snippet:-1","max-image-preview":"max-image-preview:large","max-video-preview":"max-video-preview:-1"},"canonical":"https:\/\/salvatoreplata.es\/it\/avviso-legale-e-condizioni-duso\/","og_locale":"it_IT","og_type":"article","og_title":"Avviso legale e condizioni d\u2019uso - Salvatore Plata","og_url":"https:\/\/salvatoreplata.es\/it\/avviso-legale-e-condizioni-duso\/","og_site_name":"Salvatore Plata","article_publisher":"https:\/\/www.facebook.com\/salvatoreplata","article_modified_time":"2022-11-09T09:11:18+00:00","twitter_card":"summary_large_image","twitter_site":"@salvatoreplata","twitter_misc":{"Tempo di lettura stimato":"9 minuti"},"schema":{"@context":"https:\/\/schema.org","@graph":[{"@type":"WebPage","@id":"https:\/\/salvatoreplata.es\/it\/avviso-legale-e-condizioni-duso\/","url":"https:\/\/salvatoreplata.es\/it\/avviso-legale-e-condizioni-duso\/","name":"Avviso legale e condizioni d\u2019uso - Salvatore Plata","isPartOf":{"@id":"https:\/\/salvatoreplata.es\/it\/#website"},"datePublished":"2022-10-06T10:57:44+00:00","dateModified":"2022-11-09T09:11:18+00:00","breadcrumb":{"@id":"https:\/\/salvatoreplata.es\/it\/avviso-legale-e-condizioni-duso\/#breadcrumb"},"inLanguage":"it-IT","potentialAction":[{"@type":"ReadAction","target":["https:\/\/salvatoreplata.es\/it\/avviso-legale-e-condizioni-duso\/"]}]},{"@type":"BreadcrumbList","@id":"https:\/\/salvatoreplata.es\/it\/avviso-legale-e-condizioni-duso\/#breadcrumb","itemListElement":[{"@type":"ListItem","position":1,"name":"Portada","item":"https:\/\/salvatoreplata.es\/it\/"},{"@type":"ListItem","position":2,"name":"Avviso legale e condizioni d\u2019uso"}]},{"@type":"WebSite","@id":"https:\/\/salvatoreplata.es\/it\/#website","url":"https:\/\/salvatoreplata.es\/it\/","name":"Salvatore Plata","description":"","publisher":{"@id":"https:\/\/salvatoreplata.es\/it\/#organization"},"potentialAction":[{"@type":"SearchAction","target":{"@type":"EntryPoint","urlTemplate":"https:\/\/salvatoreplata.es\/it\/?s={search_term_string}"},"query-input":{"@type":"PropertyValueSpecification","valueRequired":true,"valueName":"search_term_string"}}],"inLanguage":"it-IT"},{"@type":"Organization","@id":"https:\/\/salvatoreplata.es\/it\/#organization","name":"Salvatore Plata","url":"https:\/\/salvatoreplata.es\/it\/","logo":{"@type":"ImageObject","inLanguage":"it-IT","@id":"https:\/\/salvatoreplata.es\/it\/#\/schema\/logo\/image\/","url":"https:\/\/salvatoreplata.es\/wp-content\/uploads\/2022\/06\/salvatore-plata-negro.png","contentUrl":"https:\/\/salvatoreplata.es\/wp-content\/uploads\/2022\/06\/salvatore-plata-negro.png","width":400,"height":68,"caption":"Salvatore Plata"},"image":{"@id":"https:\/\/salvatoreplata.es\/it\/#\/schema\/logo\/image\/"},"sameAs":["https:\/\/www.facebook.com\/salvatoreplata","https:\/\/x.com\/salvatoreplata","https:\/\/www.instagram.com\/salvatore_plata\/","https:\/\/www.youtube.com\/channel\/UCwYa7BspovHvAG8ikhdHPmQ","http:\/\/www.pinterest.com\/salvatoreplata\/"]}]}},"_links":{"self":[{"href":"https:\/\/salvatoreplata.es\/it\/wp-json\/wp\/v2\/pages\/8130","targetHints":{"allow":["GET"]}}],"collection":[{"href":"https:\/\/salvatoreplata.es\/it\/wp-json\/wp\/v2\/pages"}],"about":[{"href":"https:\/\/salvatoreplata.es\/it\/wp-json\/wp\/v2\/types\/page"}],"author":[{"embeddable":true,"href":"https:\/\/salvatoreplata.es\/it\/wp-json\/wp\/v2\/users\/1"}],"replies":[{"embeddable":true,"href":"https:\/\/salvatoreplata.es\/it\/wp-json\/wp\/v2\/comments?post=8130"}],"version-history":[{"count":4,"href":"https:\/\/salvatoreplata.es\/it\/wp-json\/wp\/v2\/pages\/8130\/revisions"}],"predecessor-version":[{"id":8377,"href":"https:\/\/salvatoreplata.es\/it\/wp-json\/wp\/v2\/pages\/8130\/revisions\/8377"}],"wp:attachment":[{"href":"https:\/\/salvatoreplata.es\/it\/wp-json\/wp\/v2\/media?parent=8130"}],"curies":[{"name":"wp","href":"https:\/\/api.w.org\/{rel}","templated":true}]}}