{"id":8151,"date":"2022-09-12T13:05:40","date_gmt":"2022-09-12T11:05:40","guid":{"rendered":"http:\/\/publica.salvatoreplata.es\/calidad\/"},"modified":"2025-06-23T15:22:30","modified_gmt":"2025-06-23T13:22:30","slug":"qualita","status":"publish","type":"page","link":"https:\/\/salvatoreplata.es\/it\/qualita\/","title":{"rendered":"Qualit\u00e0"},"content":{"rendered":"<p><div class=\"fusion-fullwidth fullwidth-box fusion-builder-row-1 fusion-flex-container nonhundred-percent-fullwidth non-hundred-percent-height-scrolling fusion-no-medium-visibility fusion-no-large-visibility\" style=\"background-color: #ffffff;background-position: right bottom;background-repeat: no-repeat;border-width: 0px 0px 0px 0px;border-color:#eae9e9;border-style:solid;min-height:250px;\" ><div class=\"fusion-builder-row fusion-row fusion-flex-align-items-flex-start\" style=\"max-width:1456px;margin-left: calc(-4% \/ 2 );margin-right: calc(-4% \/ 2 );\"><div class=\"fusion-layout-column fusion_builder_column fusion-builder-column-0 fusion_builder_column_1_1 1_1 fusion-flex-column\"><div class=\"fusion-column-wrapper fusion-flex-justify-content-flex-start fusion-content-layout-column\" style=\"background-position:left top;background-repeat:no-repeat;-webkit-background-size:cover;-moz-background-size:cover;-o-background-size:cover;background-size:cover;padding: 0px 0px 0px 0px;\"><div ><span class=\" fusion-imageframe imageframe-none imageframe-1 hover-type-none fusion-no-medium-visibility fusion-no-large-visibility\"><img decoding=\"async\" width=\"2000\" height=\"796\" src=\"https:\/\/salvatoreplata.es\/wp-content\/uploads\/2025\/02\/BODEGON-DISENO_00012-copia-1.jpg\" class=\"img-responsive wp-image-29992\" srcset=\"https:\/\/salvatoreplata.es\/wp-content\/uploads\/2025\/02\/BODEGON-DISENO_00012-copia-1-200x80.jpg 200w, https:\/\/salvatoreplata.es\/wp-content\/uploads\/2025\/02\/BODEGON-DISENO_00012-copia-1-400x159.jpg 400w, https:\/\/salvatoreplata.es\/wp-content\/uploads\/2025\/02\/BODEGON-DISENO_00012-copia-1-600x239.jpg 600w, https:\/\/salvatoreplata.es\/wp-content\/uploads\/2025\/02\/BODEGON-DISENO_00012-copia-1-800x318.jpg 800w, https:\/\/salvatoreplata.es\/wp-content\/uploads\/2025\/02\/BODEGON-DISENO_00012-copia-1-1200x478.jpg 1200w, https:\/\/salvatoreplata.es\/wp-content\/uploads\/2025\/02\/BODEGON-DISENO_00012-copia-1.jpg 2000w\" sizes=\"(max-width: 600px) 100vw, 2000px\" \/><\/span><\/div><\/div><\/div><style type=\"text\/css\">.fusion-body .fusion-builder-column-0{width:100% !important;margin-top : 0px;margin-bottom : 0px;}.fusion-builder-column-0 > .fusion-column-wrapper {padding-top : 0px !important;padding-right : 0px !important;margin-right : 1.92%;padding-bottom : 0px !important;padding-left : 0px !important;margin-left : 1.92%;}@media only screen and (max-width:900px) {.fusion-body .fusion-builder-column-0{width:100% !important;order : 0;}.fusion-builder-column-0 > .fusion-column-wrapper {margin-right : 1.92%;margin-left : 1.92%;}}@media only screen and (max-width:600px) {.fusion-body .fusion-builder-column-0{width:100% !important;order : 0;}.fusion-builder-column-0 > .fusion-column-wrapper {margin-right : 1.92%;margin-left : 1.92%;}}<\/style><\/div><style type=\"text\/css\">.fusion-body .fusion-flex-container.fusion-builder-row-1{ padding-top : 0px;margin-top : 0px;padding-right : 0px;padding-bottom : 0px;margin-bottom : 0px;padding-left : 0px;}@media only screen and (max-width:600px) {.fusion-body .fusion-flex-container.fusion-builder-row-1{ margin-bottom : 10px;}}<\/style><\/div><div class=\"fusion-fullwidth fullwidth-box fusion-builder-row-2 fusion-flex-container fusion-parallax-none nonhundred-percent-fullwidth non-hundred-percent-height-scrolling fusion-no-small-visibility\" style=\"background-color: #ffffff;background-image: url(&quot;https:\/\/salvatoreplata.es\/wp-content\/uploads\/2025\/02\/BODEGON-DISENO_00012-copia-1.jpg&quot;);background-position: center bottom;background-repeat: no-repeat;border-width: 0px 0px 0px 0px;border-color:#eae9e9;border-style:solid;-webkit-background-size:cover;-moz-background-size:cover;-o-background-size:cover;background-size:cover;min-height:400px;\" ><div class=\"fusion-builder-row fusion-row fusion-flex-align-items-flex-start\" style=\"max-width:1456px;margin-left: calc(-4% \/ 2 );margin-right: calc(-4% \/ 2 );\"><div class=\"fusion-layout-column fusion_builder_column fusion-builder-column-1 fusion_builder_column_1_1 1_1 fusion-flex-column\"><div class=\"fusion-column-wrapper fusion-flex-justify-content-flex-start fusion-content-layout-column\" style=\"background-position:left top;background-repeat:no-repeat;-webkit-background-size:cover;-moz-background-size:cover;-o-background-size:cover;background-size:cover;padding: 0px 0px 0px 0px;\"><\/div><\/div><style type=\"text\/css\">.fusion-body .fusion-builder-column-1{width:100% !important;margin-top : 0px;margin-bottom : 20px;}.fusion-builder-column-1 > .fusion-column-wrapper {padding-top : 0px !important;padding-right : 0px !important;margin-right : 1.92%;padding-bottom : 0px !important;padding-left : 0px !important;margin-left : 1.92%;}@media only screen and (max-width:900px) {.fusion-body .fusion-builder-column-1{width:100% !important;order : 0;}.fusion-builder-column-1 > .fusion-column-wrapper {margin-right : 1.92%;margin-left : 1.92%;}}@media only screen and (max-width:600px) {.fusion-body .fusion-builder-column-1{width:100% !important;order : 0;}.fusion-builder-column-1 > .fusion-column-wrapper {margin-right : 1.92%;margin-left : 1.92%;}}<\/style><\/div><style type=\"text\/css\">.fusion-body .fusion-flex-container.fusion-builder-row-2{ padding-top : 0px;margin-top : 0px;padding-right : 0px;padding-bottom : 0px;margin-bottom : 80px;padding-left : 0px;}<\/style><\/div><div class=\"fusion-fullwidth fullwidth-box fusion-builder-row-3 fusion-flex-container nonhundred-percent-fullwidth non-hundred-percent-height-scrolling\" style=\"background-color: #ffffff;background-position: center center;background-repeat: no-repeat;border-width: 0px 0px 0px 0px;border-color:#eae9e9;border-style:solid;\" ><div class=\"fusion-builder-row fusion-row fusion-flex-align-items-flex-start fusion-flex-justify-content-center\" style=\"max-width:1456px;margin-left: calc(-4% \/ 2 );margin-right: calc(-4% \/ 2 );\"><div class=\"fusion-layout-column fusion_builder_column fusion-builder-column-2 fusion_builder_column_5_6 5_6 fusion-flex-column\"><div class=\"fusion-column-wrapper fusion-flex-justify-content-flex-start fusion-content-layout-column\" style=\"background-position:left top;background-repeat:no-repeat;-webkit-background-size:cover;-moz-background-size:cover;-o-background-size:cover;background-size:cover;padding: 0px 0px 0px 0px;\"><style type=\"text\/css\">@media only screen and (max-width:900px) {.fusion-title.fusion-title-1{margin-top:10px!important;margin-bottom:15px!important;}}@media only screen and (max-width:600px) {.fusion-title.fusion-title-1{margin-top:10px!important;margin-bottom:10px!important;}}<\/style><div class=\"fusion-title title fusion-title-1 fusion-sep-none fusion-title-center fusion-title-text fusion-title-size-one\" style=\"margin-top:10px;margin-bottom:15px;\"><h1 class=\"title-heading-center\" style=\"margin:0;color:#000000;\">QUALIT\u00c0<\/h1><\/div><div class=\"fusion-separator\" style=\"align-self: center;margin-left: auto;margin-right: auto;margin-bottom:60px;width:100%;max-width:60px;\"><div class=\"fusion-separator-border sep-single sep-solid\" style=\"border-color:#000000;border-top-width:1px;\"><\/div><\/div><\/div><\/div><style type=\"text\/css\">.fusion-body .fusion-builder-column-2{width:83.333333333333% !important;margin-top : 0px;margin-bottom : 20px;}.fusion-builder-column-2 > .fusion-column-wrapper {padding-top : 0px !important;padding-right : 0px !important;margin-right : 2.304%;padding-bottom : 0px !important;padding-left : 0px !important;margin-left : 2.304%;}@media only screen and (max-width:900px) {.fusion-body .fusion-builder-column-2{width:100% !important;order : 0;}.fusion-builder-column-2 > .fusion-column-wrapper {margin-right : 1.92%;margin-left : 1.92%;}}@media only screen and (max-width:600px) {.fusion-body .fusion-builder-column-2{width:100% !important;order : 1;}.fusion-builder-column-2 > .fusion-column-wrapper {margin-right : 1.92%;margin-left : 1.92%;}}<\/style><div class=\"fusion-layout-column fusion_builder_column fusion-builder-column-3 fusion_builder_column_1_3 1_3 fusion-flex-column\"><div class=\"fusion-column-wrapper fusion-flex-justify-content-flex-start fusion-content-layout-column\" style=\"background-position:left top;background-repeat:no-repeat;-webkit-background-size:cover;-moz-background-size:cover;-o-background-size:cover;background-size:cover;padding: 0px 0px 0px 0px;\"><div class=\"fusion-text fusion-text-1\" style=\"transform:translate3d(0,0,0);\"><p>Mille modelli nuovi ogni stagione autunno\/inverno e primavera\/estate. Le collezioni si fanno notare per la loro vastit\u00e0 e la loro variet\u00e0, con cui puntano a offrire alle gioiellerie la possibilit\u00e0 di scegliere quei prodotti che pi\u00f9 si avvicinano allo stile della loro clientela.<\/p>\n<p>L\u2019alta tecnologia, unita a dei tocchi manuali e artigianali, fa s\u00ec che il processo di produzione dia vita a gioielli di qualit\u00e0, che hanno tutto ci\u00f2 che Salvatore Plata desidera. I materiali con cui produciamo i nostri gioielli e, soprattutto, l\u2019argento sterling, possiedono valori molto pi\u00f9 alti rispetto a quanto stabilito dal mercato spagnolo e da quello internazionale. Puntiamo sulle ultime tecnologie per i bagni di colore dell\u2019argento, e questo ci rende dei veri pionieri nel settore.<\/p>\n<\/div><\/div><\/div><style type=\"text\/css\">.fusion-body .fusion-builder-column-3{width:33.333333333333% !important;margin-top : 0px;margin-bottom : 20px;}.fusion-builder-column-3 > .fusion-column-wrapper {padding-top : 0px !important;padding-right : 0px !important;margin-right : 5.76%;padding-bottom : 0px !important;padding-left : 0px !important;margin-left : 5.76%;}@media only screen and (max-width:900px) {.fusion-body .fusion-builder-column-3{width:100% !important;order : 0;}.fusion-builder-column-3 > .fusion-column-wrapper {margin-right : 1.92%;margin-left : 1.92%;}}@media only screen and (max-width:600px) {.fusion-body .fusion-builder-column-3{width:100% !important;order : 0;}.fusion-builder-column-3 > .fusion-column-wrapper {margin-right : 1.92%;margin-left : 1.92%;}}<\/style><div class=\"fusion-layout-column fusion_builder_column fusion-builder-column-4 fusion_builder_column_1_3 1_3 fusion-flex-column\"><div class=\"fusion-column-wrapper fusion-flex-justify-content-flex-start fusion-content-layout-column\" style=\"background-position:left top;background-repeat:no-repeat;-webkit-background-size:cover;-moz-background-size:cover;-o-background-size:cover;background-size:cover;padding: 0px 0px 0px 0px;\"><div class=\"fusion-text fusion-text-2\" style=\"transform:translate3d(0,0,0);\"><p>Cerchiamo sempre pietre e cristalli della pi\u00f9 alta qualit\u00e0, puntando sull\u2019ultima moda in fatto di pietre, tagli e colori. La nostra pi\u00f9 grande sfida \u00e8 il controllo qualit\u00e0. Ogni gioiello in argento sterling \u00e8 dotato di un punzone di responsabilit\u00e0 registrato presso l\u2019Ufficio spagnolo per i brevetti e le marche (OMPM) con il numero 2.095.446(8) e del punzone di titolo del laboratorio ufficiale dei metalli preziosi dell\u2019Istituto tecnologico metalmeccanico spagnolo (AIDIMME).<\/p>\n<p>Ci\u00f2 ci permette di garantire che ogni articolo di argento \u00e8 effettivamente di argento sterling. Inoltre, in collaborazione con l\u2019AIDIMME, valutiamo l\u2019assenza di metalli tossici all\u2019interno dei gioielli, per garantire che inseriamo sul mercato unicamente prodotti sicuri per la salute e la sicurezza delle persone.<\/p>\n<\/div><div ><span class=\" fusion-imageframe imageframe-none imageframe-2 hover-type-none\"><img decoding=\"async\" width=\"257\" height=\"62\" title=\"LOGO-CALIDAD\" src=\"https:\/\/salvatoreplata.es\/wp-content\/uploads\/2022\/09\/LOGO-CALIDAD.jpg\" class=\"img-responsive wp-image-5156\" srcset=\"https:\/\/salvatoreplata.es\/wp-content\/uploads\/2022\/09\/LOGO-CALIDAD-200x48.jpg 200w, https:\/\/salvatoreplata.es\/wp-content\/uploads\/2022\/09\/LOGO-CALIDAD.jpg 257w\" sizes=\"(max-width: 600px) 100vw, 257px\" \/><\/span><\/div><\/div><\/div><style type=\"text\/css\">.fusion-body .fusion-builder-column-4{width:33.333333333333% !important;margin-top : 0px;margin-bottom : 20px;}.fusion-builder-column-4 > .fusion-column-wrapper {padding-top : 0px !important;padding-right : 0px !important;margin-right : 5.76%;padding-bottom : 0px !important;padding-left : 0px !important;margin-left : 5.76%;}@media only screen and (max-width:900px) {.fusion-body .fusion-builder-column-4{width:100% !important;order : 2;}.fusion-builder-column-4 > .fusion-column-wrapper {margin-right : 1.92%;margin-left : 1.92%;}}@media only screen and (max-width:600px) {.fusion-body .fusion-builder-column-4{width:100% !important;order : 2;}.fusion-builder-column-4 > .fusion-column-wrapper {margin-right : 1.92%;margin-left : 1.92%;}}<\/style><\/div><style type=\"text\/css\">.fusion-body .fusion-flex-container.fusion-builder-row-3{ padding-top : 0px;margin-top : 0px;padding-right : 0px;padding-bottom : 0px;margin-bottom : 2%;padding-left : 0px;}<\/style><\/div><div class=\"fusion-fullwidth fullwidth-box fusion-builder-row-4 fusion-flex-container nonhundred-percent-fullwidth non-hundred-percent-height-scrolling\" style=\"background-color: #ffffff;background-position: center center;background-repeat: no-repeat;border-width: 0px 0px 0px 0px;border-color:#eae9e9;border-style:solid;\" ><div class=\"fusion-builder-row fusion-row fusion-flex-align-items-flex-start\" style=\"max-width:1456px;margin-left: calc(-4% \/ 2 );margin-right: calc(-4% \/ 2 );\"><div class=\"fusion-layout-column fusion_builder_column fusion-builder-column-5 fusion_builder_column_1_6 1_6 fusion-flex-column fusion-no-small-visibility\"><div class=\"fusion-column-wrapper fusion-flex-justify-content-flex-start fusion-content-layout-column\" style=\"background-position:left top;background-repeat:no-repeat;-webkit-background-size:cover;-moz-background-size:cover;-o-background-size:cover;background-size:cover;padding: 0px 0px 0px 0px;\"><\/div><\/div><style type=\"text\/css\">.fusion-body .fusion-builder-column-5{width:16.666666666667% !important;margin-top : 0px;margin-bottom : 20px;}.fusion-builder-column-5 > .fusion-column-wrapper {padding-top : 0px !important;padding-right : 0px !important;margin-right : 11.52%;padding-bottom : 0px !important;padding-left : 0px !important;margin-left : 11.52%;}@media only screen and (max-width:900px) {.fusion-body .fusion-builder-column-5{width:100% !important;order : 2;}.fusion-builder-column-5 > .fusion-column-wrapper {margin-right : 1.92%;margin-left : 1.92%;}}@media only screen and (max-width:600px) {.fusion-body .fusion-builder-column-5{width:100% !important;order : 2;}.fusion-builder-column-5 > .fusion-column-wrapper {margin-right : 1.92%;margin-left : 1.92%;}}<\/style><div class=\"fusion-layout-column fusion_builder_column fusion-builder-column-6 fusion_builder_column_2_3 2_3 fusion-flex-column\"><div class=\"fusion-column-wrapper fusion-flex-justify-content-flex-start fusion-content-layout-column\" style=\"background-position:left top;background-repeat:no-repeat;-webkit-background-size:cover;-moz-background-size:cover;-o-background-size:cover;background-size:cover;padding: 0px 0px 0px 0px;\"><div style=\"text-align:center;\"><span class=\" fusion-imageframe imageframe-none imageframe-3 hover-type-none\" style=\"margin-top:0px;margin-right:0px;margin-bottom:0px;margin-left:0px;\"><a class=\"fusion-no-lightbox\" href=\"https:\/\/salvatoreplata.es\/it\/come-diventare-distributore\/#contactar\" target=\"_blank\" aria-label=\"202504-Banners-JOYERIA-1&#8211;02-1024x160px\" rel=\"noopener noreferrer\"><img decoding=\"async\" width=\"1024\" height=\"160\" src=\"https:\/\/salvatoreplata.es\/wp-content\/uploads\/2025\/04\/202504-Banners-JOYERIA-1-02-1024x160px.jpg\" class=\"img-responsive wp-image-30703\" srcset=\"https:\/\/salvatoreplata.es\/wp-content\/uploads\/2025\/04\/202504-Banners-JOYERIA-1-02-1024x160px-200x31.jpg 200w, https:\/\/salvatoreplata.es\/wp-content\/uploads\/2025\/04\/202504-Banners-JOYERIA-1-02-1024x160px-400x63.jpg 400w, https:\/\/salvatoreplata.es\/wp-content\/uploads\/2025\/04\/202504-Banners-JOYERIA-1-02-1024x160px-600x94.jpg 600w, https:\/\/salvatoreplata.es\/wp-content\/uploads\/2025\/04\/202504-Banners-JOYERIA-1-02-1024x160px-800x125.jpg 800w, https:\/\/salvatoreplata.es\/wp-content\/uploads\/2025\/04\/202504-Banners-JOYERIA-1-02-1024x160px.jpg 1024w\" sizes=\"(max-width: 600px) 100vw, 1024px\" \/><\/a><\/span><\/div><\/div><\/div><style type=\"text\/css\">.fusion-body .fusion-builder-column-6{width:66.666666666667% !important;margin-top : 0px;margin-bottom : 20px;}.fusion-builder-column-6 > .fusion-column-wrapper {padding-top : 0 !important;padding-right : 0 !important;margin-right : 2.88%;padding-bottom : 0 !important;padding-left : 0 !important;margin-left : 2.88%;}@media only screen and (max-width:900px) {.fusion-body .fusion-builder-column-6{width:66.666666666667% !important;order : 0;}.fusion-builder-column-6 > .fusion-column-wrapper {margin-right : 2.88%;margin-left : 2.88%;}}@media only screen and (max-width:600px) {.fusion-body .fusion-builder-column-6{width:100% !important;order : 0;}.fusion-builder-column-6 > .fusion-column-wrapper {margin-right : 1.92%;margin-left : 1.92%;}}<\/style><div class=\"fusion-layout-column fusion_builder_column fusion-builder-column-7 fusion_builder_column_1_6 1_6 fusion-flex-column fusion-no-small-visibility\"><div class=\"fusion-column-wrapper fusion-flex-justify-content-flex-start fusion-content-layout-column\" style=\"background-position:left top;background-repeat:no-repeat;-webkit-background-size:cover;-moz-background-size:cover;-o-background-size:cover;background-size:cover;padding: 0px 0px 0px 0px;\"><\/div><\/div><style type=\"text\/css\">.fusion-body .fusion-builder-column-7{width:16.666666666667% !important;margin-top : 0px;margin-bottom : 20px;}.fusion-builder-column-7 > .fusion-column-wrapper {padding-top : 0px !important;padding-right : 0px !important;margin-right : 11.52%;padding-bottom : 0px !important;padding-left : 0px !important;margin-left : 11.52%;}@media only screen and (max-width:900px) {.fusion-body .fusion-builder-column-7{width:100% !important;order : 2;}.fusion-builder-column-7 > .fusion-column-wrapper {margin-right : 1.92%;margin-left : 1.92%;}}@media only screen and (max-width:600px) {.fusion-body .fusion-builder-column-7{width:100% !important;order : 2;}.fusion-builder-column-7 > .fusion-column-wrapper {margin-right : 1.92%;margin-left : 1.92%;}}<\/style><\/div><style type=\"text\/css\">.fusion-body .fusion-flex-container.fusion-builder-row-4{ padding-top : 0px;margin-top : 0;padding-right : 0px;padding-bottom : 0px;margin-bottom : 5%;padding-left : 0px;}@media only screen and (max-width:600px) {.fusion-body .fusion-flex-container.fusion-builder-row-4{ padding-top : 0;padding-right : 0;padding-bottom : 0;padding-left : 0;}}<\/style><\/div><\/p>\n","protected":false},"excerpt":{"rendered":"","protected":false},"author":1,"featured_media":0,"parent":0,"menu_order":0,"comment_status":"closed","ping_status":"closed","template":"100-width.php","meta":{"_acf_changed":false,"footnotes":""},"class_list":["post-8151","page","type-page","status-publish","hentry"],"acf":[],"yoast_head":"<!-- This site is optimized with the Yoast SEO plugin v27.4 - https:\/\/yoast.com\/product\/yoast-seo-wordpress\/ -->\n<title>Qualit\u00e0 - Salvatore Plata<\/title>\n<meta name=\"robots\" content=\"index, follow, max-snippet:-1, max-image-preview:large, max-video-preview:-1\" \/>\n<link rel=\"canonical\" href=\"https:\/\/salvatoreplata.es\/it\/qualita\/\" \/>\n<meta property=\"og:locale\" content=\"it_IT\" \/>\n<meta property=\"og:type\" content=\"article\" \/>\n<meta property=\"og:title\" content=\"Qualit\u00e0 - Salvatore Plata\" \/>\n<meta property=\"og:url\" content=\"https:\/\/salvatoreplata.es\/it\/qualita\/\" \/>\n<meta property=\"og:site_name\" content=\"Salvatore Plata\" \/>\n<meta property=\"article:publisher\" content=\"https:\/\/www.facebook.com\/salvatoreplata\" \/>\n<meta property=\"article:modified_time\" content=\"2025-06-23T13:22:30+00:00\" \/>\n<meta name=\"twitter:card\" content=\"summary_large_image\" \/>\n<meta name=\"twitter:site\" content=\"@salvatoreplata\" \/>\n<meta name=\"twitter:label1\" content=\"Tempo di lettura stimato\" \/>\n\t<meta name=\"twitter:data1\" content=\"10 minuti\" \/>\n<script type=\"application\/ld+json\" class=\"yoast-schema-graph\">{\"@context\":\"https:\\\/\\\/schema.org\",\"@graph\":[{\"@type\":\"WebPage\",\"@id\":\"https:\\\/\\\/salvatoreplata.es\\\/it\\\/qualita\\\/\",\"url\":\"https:\\\/\\\/salvatoreplata.es\\\/it\\\/qualita\\\/\",\"name\":\"Qualit\u00e0 - Salvatore Plata\",\"isPartOf\":{\"@id\":\"https:\\\/\\\/salvatoreplata.es\\\/it\\\/#website\"},\"datePublished\":\"2022-09-12T11:05:40+00:00\",\"dateModified\":\"2025-06-23T13:22:30+00:00\",\"breadcrumb\":{\"@id\":\"https:\\\/\\\/salvatoreplata.es\\\/it\\\/qualita\\\/#breadcrumb\"},\"inLanguage\":\"it-IT\",\"potentialAction\":[{\"@type\":\"ReadAction\",\"target\":[\"https:\\\/\\\/salvatoreplata.es\\\/it\\\/qualita\\\/\"]}]},{\"@type\":\"BreadcrumbList\",\"@id\":\"https:\\\/\\\/salvatoreplata.es\\\/it\\\/qualita\\\/#breadcrumb\",\"itemListElement\":[{\"@type\":\"ListItem\",\"position\":1,\"name\":\"Portada\",\"item\":\"https:\\\/\\\/salvatoreplata.es\\\/it\\\/\"},{\"@type\":\"ListItem\",\"position\":2,\"name\":\"Qualit\u00e0\"}]},{\"@type\":\"WebSite\",\"@id\":\"https:\\\/\\\/salvatoreplata.es\\\/it\\\/#website\",\"url\":\"https:\\\/\\\/salvatoreplata.es\\\/it\\\/\",\"name\":\"Salvatore Plata\",\"description\":\"\",\"publisher\":{\"@id\":\"https:\\\/\\\/salvatoreplata.es\\\/it\\\/#organization\"},\"potentialAction\":[{\"@type\":\"SearchAction\",\"target\":{\"@type\":\"EntryPoint\",\"urlTemplate\":\"https:\\\/\\\/salvatoreplata.es\\\/it\\\/?s={search_term_string}\"},\"query-input\":{\"@type\":\"PropertyValueSpecification\",\"valueRequired\":true,\"valueName\":\"search_term_string\"}}],\"inLanguage\":\"it-IT\"},{\"@type\":\"Organization\",\"@id\":\"https:\\\/\\\/salvatoreplata.es\\\/it\\\/#organization\",\"name\":\"Salvatore Plata\",\"url\":\"https:\\\/\\\/salvatoreplata.es\\\/it\\\/\",\"logo\":{\"@type\":\"ImageObject\",\"inLanguage\":\"it-IT\",\"@id\":\"https:\\\/\\\/salvatoreplata.es\\\/it\\\/#\\\/schema\\\/logo\\\/image\\\/\",\"url\":\"https:\\\/\\\/salvatoreplata.es\\\/wp-content\\\/uploads\\\/2022\\\/06\\\/salvatore-plata-negro.png\",\"contentUrl\":\"https:\\\/\\\/salvatoreplata.es\\\/wp-content\\\/uploads\\\/2022\\\/06\\\/salvatore-plata-negro.png\",\"width\":400,\"height\":68,\"caption\":\"Salvatore Plata\"},\"image\":{\"@id\":\"https:\\\/\\\/salvatoreplata.es\\\/it\\\/#\\\/schema\\\/logo\\\/image\\\/\"},\"sameAs\":[\"https:\\\/\\\/www.facebook.com\\\/salvatoreplata\",\"https:\\\/\\\/x.com\\\/salvatoreplata\",\"https:\\\/\\\/www.instagram.com\\\/salvatore_plata\\\/\",\"https:\\\/\\\/www.youtube.com\\\/channel\\\/UCwYa7BspovHvAG8ikhdHPmQ\",\"http:\\\/\\\/www.pinterest.com\\\/salvatoreplata\\\/\"]}]}<\/script>\n<!-- \/ Yoast SEO plugin. -->","yoast_head_json":{"title":"Qualit\u00e0 - Salvatore Plata","robots":{"index":"index","follow":"follow","max-snippet":"max-snippet:-1","max-image-preview":"max-image-preview:large","max-video-preview":"max-video-preview:-1"},"canonical":"https:\/\/salvatoreplata.es\/it\/qualita\/","og_locale":"it_IT","og_type":"article","og_title":"Qualit\u00e0 - Salvatore Plata","og_url":"https:\/\/salvatoreplata.es\/it\/qualita\/","og_site_name":"Salvatore Plata","article_publisher":"https:\/\/www.facebook.com\/salvatoreplata","article_modified_time":"2025-06-23T13:22:30+00:00","twitter_card":"summary_large_image","twitter_site":"@salvatoreplata","twitter_misc":{"Tempo di lettura stimato":"10 minuti"},"schema":{"@context":"https:\/\/schema.org","@graph":[{"@type":"WebPage","@id":"https:\/\/salvatoreplata.es\/it\/qualita\/","url":"https:\/\/salvatoreplata.es\/it\/qualita\/","name":"Qualit\u00e0 - Salvatore Plata","isPartOf":{"@id":"https:\/\/salvatoreplata.es\/it\/#website"},"datePublished":"2022-09-12T11:05:40+00:00","dateModified":"2025-06-23T13:22:30+00:00","breadcrumb":{"@id":"https:\/\/salvatoreplata.es\/it\/qualita\/#breadcrumb"},"inLanguage":"it-IT","potentialAction":[{"@type":"ReadAction","target":["https:\/\/salvatoreplata.es\/it\/qualita\/"]}]},{"@type":"BreadcrumbList","@id":"https:\/\/salvatoreplata.es\/it\/qualita\/#breadcrumb","itemListElement":[{"@type":"ListItem","position":1,"name":"Portada","item":"https:\/\/salvatoreplata.es\/it\/"},{"@type":"ListItem","position":2,"name":"Qualit\u00e0"}]},{"@type":"WebSite","@id":"https:\/\/salvatoreplata.es\/it\/#website","url":"https:\/\/salvatoreplata.es\/it\/","name":"Salvatore Plata","description":"","publisher":{"@id":"https:\/\/salvatoreplata.es\/it\/#organization"},"potentialAction":[{"@type":"SearchAction","target":{"@type":"EntryPoint","urlTemplate":"https:\/\/salvatoreplata.es\/it\/?s={search_term_string}"},"query-input":{"@type":"PropertyValueSpecification","valueRequired":true,"valueName":"search_term_string"}}],"inLanguage":"it-IT"},{"@type":"Organization","@id":"https:\/\/salvatoreplata.es\/it\/#organization","name":"Salvatore Plata","url":"https:\/\/salvatoreplata.es\/it\/","logo":{"@type":"ImageObject","inLanguage":"it-IT","@id":"https:\/\/salvatoreplata.es\/it\/#\/schema\/logo\/image\/","url":"https:\/\/salvatoreplata.es\/wp-content\/uploads\/2022\/06\/salvatore-plata-negro.png","contentUrl":"https:\/\/salvatoreplata.es\/wp-content\/uploads\/2022\/06\/salvatore-plata-negro.png","width":400,"height":68,"caption":"Salvatore Plata"},"image":{"@id":"https:\/\/salvatoreplata.es\/it\/#\/schema\/logo\/image\/"},"sameAs":["https:\/\/www.facebook.com\/salvatoreplata","https:\/\/x.com\/salvatoreplata","https:\/\/www.instagram.com\/salvatore_plata\/","https:\/\/www.youtube.com\/channel\/UCwYa7BspovHvAG8ikhdHPmQ","http:\/\/www.pinterest.com\/salvatoreplata\/"]}]}},"_links":{"self":[{"href":"https:\/\/salvatoreplata.es\/it\/wp-json\/wp\/v2\/pages\/8151","targetHints":{"allow":["GET"]}}],"collection":[{"href":"https:\/\/salvatoreplata.es\/it\/wp-json\/wp\/v2\/pages"}],"about":[{"href":"https:\/\/salvatoreplata.es\/it\/wp-json\/wp\/v2\/types\/page"}],"author":[{"embeddable":true,"href":"https:\/\/salvatoreplata.es\/it\/wp-json\/wp\/v2\/users\/1"}],"replies":[{"embeddable":true,"href":"https:\/\/salvatoreplata.es\/it\/wp-json\/wp\/v2\/comments?post=8151"}],"version-history":[{"count":9,"href":"https:\/\/salvatoreplata.es\/it\/wp-json\/wp\/v2\/pages\/8151\/revisions"}],"predecessor-version":[{"id":31789,"href":"https:\/\/salvatoreplata.es\/it\/wp-json\/wp\/v2\/pages\/8151\/revisions\/31789"}],"wp:attachment":[{"href":"https:\/\/salvatoreplata.es\/it\/wp-json\/wp\/v2\/media?parent=8151"}],"curies":[{"name":"wp","href":"https:\/\/api.w.org\/{rel}","templated":true}]}}