{"id":8158,"date":"2022-10-06T13:03:40","date_gmt":"2022-10-06T11:03:40","guid":{"rendered":"http:\/\/publica.salvatoreplata.es\/politica-de-privacidad\/"},"modified":"2022-11-09T11:23:51","modified_gmt":"2022-11-09T09:23:51","slug":"politica-sulla-privacy","status":"publish","type":"page","link":"https:\/\/salvatoreplata.es\/it\/politica-sulla-privacy\/","title":{"rendered":"Politica sulla privacy"},"content":{"rendered":"<div class=\"fusion-fullwidth fullwidth-box fusion-builder-row-1 fusion-flex-container nonhundred-percent-fullwidth non-hundred-percent-height-scrolling\" style=\"background-color: #ffffff;background-position: center center;background-repeat: no-repeat;border-width: 0px 0px 0px 0px;border-color:#eae9e9;border-style:solid;\" ><div class=\"fusion-builder-row fusion-row fusion-flex-align-items-flex-start\" style=\"max-width:1456px;margin-left: calc(-4% \/ 2 );margin-right: calc(-4% \/ 2 );\"><div class=\"fusion-layout-column fusion_builder_column fusion-builder-column-0 fusion_builder_column_1_1 1_1 fusion-flex-column\"><div class=\"fusion-column-wrapper fusion-flex-justify-content-flex-start fusion-content-layout-column\" style=\"background-position:left top;background-repeat:no-repeat;-webkit-background-size:cover;-moz-background-size:cover;-o-background-size:cover;background-size:cover;padding: 0px 0px 0px 0px;\"><div class=\"fusion-text fusion-text-1\" style=\"transform:translate3d(0,0,0);\"><h1><strong>POLITICA SULLA PRIVACY<\/strong><\/h1>\n<h2>1- Politica sulla privacy e la sicurezza<\/h2>\n<p>Le seguenti informazioni sulla nostra Politica sulla privacy riflettono l\u2019impegno di JOYEROS 94, SL (in seguito, SALVATORE PLATA), in qualit\u00e0 di responsabile del trattamento, a mantenere e a garantire relazioni commerciali sicure mediante la protezione dei dati personali, garantendo cos\u00ec il diritto alla privacy di tutti gli utenti dei nostri servizi. Nel presente documento illustriamo l\u2019utilizzo che facciamo dei dati personali durante l\u2019uso dei nostri servizi.<\/p>\n<h2>2- Definizione di dato personale<\/h2>\n<p>\u201cDato personale\u201d indica qualsiasi informazione riguardante una persona fisica identificata o identificabile. Comprende, tra gli altri, nome, cognome, indirizzo postale, indirizzo e-mail e numero di telefono.<\/p>\n<h2>3- Trattamenti e finalit\u00e0 dei dati raccolti<\/h2>\n<p>Tutti i dati personali che ci verranno forniti durante la visita al nostro sito saranno trattati nel rispetto di quanto stabilito dalla legislazione sulla protezione dei dati e saranno raccolti, trattati e utilizzati unicamente per fini leciti, legittimi e informati. Di seguito sono indicate tutte le finalit\u00e0 per le quali SALVATORE PLATA utilizza i dati personali:<\/p>\n<ul>\n<li><strong>Invio di moduli di contatto o e-mail:<\/strong><\/li>\n<\/ul>\n<ul>\n<li style=\"list-style-type: none;\">\n<ul>\n<li>Finalit\u00e0: rispondere alle richieste ricevute, contattare l\u2019utente per rispondere a dubbi o domande e inviare informazioni attraverso brochure informative.<\/li>\n<li>Base giuridica: la base giuridica per il trattamento dei dati \u00e8 l\u2019esecuzione delle misure precontrattuali richieste e\/o il consenso fornito.<\/li>\n<li>Periodo di conservazione: i dati saranno conservati per il tempo necessario a rispondere alle richieste inviaste.<\/li>\n<\/ul>\n<\/li>\n<\/ul>\n<ul>\n<li><strong>Invio di moduli di contatto o e-mail:<\/strong><\/li>\n<\/ul>\n<ul>\n<li style=\"list-style-type: none;\">\n<ul>\n<li>Finalit\u00e0: invio di brochure informative.<\/li>\n<li>Base giuridica: la base giuridica per il trattamento dei dati \u00e8 l\u2019esecuzione delle misure precontrattuali richieste e\/o il consenso fornito.<\/li>\n<li>Periodo di conservazione: i dati saranno conservati per l\u2019intera durata dell\u2019abbonamento.<\/li>\n<\/ul>\n<\/li>\n<\/ul>\n<p>SALVATORE PLATA desidera informare tutti gli utenti che, fatti salvi i campi che indichino esplicitamente il contrario, la raccolta di determinati dati di carattere personale non \u00e8 obbligatoria. Il mancato conferimento di tali dati, tuttavia, potr\u00e0 impedire a SALVATORE PLATA di fornire tutti i servizi collegati a tali dati; si declina pertanto da ogni responsabilit\u00e0 in caso di mancata prestazione o prestazione incompleta di tali servizi.<\/p>\n<p>L\u2019utente ha l\u2019obbligo di fornire dati veritieri e di mantenerli aggiornati; SALVATORE PLATA si riserva pertanto il diritto di non fornire i servizi e di annullare la fornitura dei servizi agli utenti che abbiano fornito dati falsi e di ricorrere all\u2019esercizio delle ulteriori azioni previste dalla legge.<\/p>\n<p>I dati personali dell\u2019utente NON saranno comunicati a nessun\u2019altra societ\u00e0. Qualora dovessimo comunicare le informazioni dell\u2019utente a un\u2019altra societ\u00e0, richiederemo l\u2019espresso consenso dell\u2019utente prima di procedere a tale comunicazione.<\/p>\n<h2>4- Sicurezza dei dati personali<\/h2>\n<p>SALVATORE PLATA \u00e8 impegnata a garantire la sicurezza dei dati personali dei suoi utenti. I dati sono conservati nei nostri sistemi informatici, in cui abbiamo adottato e implementato misure di sicurezza, tecniche e organizzative volte a prevenire qualsiasi perdita o uso non autorizzato da parte di terzi: i nostri portali web, per esempio, utilizzano protocolli di crittografia di dati HTTPS.<\/p>\n<h2>5- Informazioni sull\u2019utilizzo dei cookie<\/h2>\n<p>Una semplice visita al sito o l\u2019utilizzo dei servizi di SALVATORE PLATA non implica la registrazione automatica di dati di carattere personale in grado di identificare un utente. Durante la navigazione sul nostro sito, tuttavia, vengono utilizzati cookie, ovvero piccoli file di dati che vengono salvati nel computer dell\u2019utente e che ci permettono di ottenere le seguenti informazioni analitiche:<\/p>\n<ol>\n<li>Data e ora di accesso alla pagina, per sapere quali sono le ore di maggiore affluenza e implementare le necessarie modifiche volte a evitare problematiche legate alla saturazione del sito durante le ore di punta.<\/li>\n<li>Il numero giornaliero di visitatori di ogni sezione, per sapere quali sono le sezioni di maggiore successo e per aumentarne e migliorarne i contenuti, cos\u00ec da offrire risultati pi\u00f9 soddisfacenti e migliorare il design dei contenuti.<\/li>\n<li>La data e l\u2019ora dell\u2019ultima visita dell\u2019utente al sito, per effettuare studi analitici e statistici sull\u2019utilizzo che viene fatto della pagina web.<\/li>\n<li>Elementi di sicurezza che intervengono nel controllo dell\u2019accesso alle sezioni ad accesso limitato.<\/li>\n<\/ol>\n<p>Per maggiori informazioni, si raccomanda di leggere la nostra <a href=\"https:\/\/salvatoreplata.es\/it\/politica-sui-cookie\/\">politica sui cookie<\/a>.<\/p>\n<h2>6- Diritti degli utenti<\/h2>\n<p>Tutti gli utenti possono esercitare ogni diritto garantito dalla normativa sulla protezione dei dati, come per esempio il diritto all\u2019accesso, alla rettifica, alla limitazione del trattamento, alla cancellazione e alla portabilit\u00e0 dei dati personali e il diritto all\u2019opposizione facendone richiesta inviando un\u2019e-mail all\u2019indirizzo del nostro responsabile della protezione dei dati, <a href=\"mailto:marketing@salvatorejoyeros.com\">marketing@salvatorejoyeros.com<\/a>. Qualora lo ritengano opportuno, gli utenti potranno anche proporre reclamo all\u2019Agenzia spagnola per la protezione dei dati.<\/p>\n<h2>7- Cancellazione dell\u2019invio di informazioni e revoca del consenso<\/h2>\n<p>Qualsiasi utente pu\u00f2 opporsi all\u2019uso delle proprie informazioni a fini pubblicitari o di ricerca di mercato o per la conduzione di indagini di soddisfazione e pu\u00f2 revocare il proprio consenso in qualsiasi momento. Tale azione, tuttavia, non ha valore retroattivo. Per farlo, dovr\u00e0 inviare un\u2019e-mail all\u2019indirizzo <a href=\"mailto:marketing@salvatorejoyeros.com\">marketing@salvatorejoyeros.com<\/a>. \u00a0Sar\u00e0 inoltre possibile opporsi all\u2019invio di pubblicit\u00e0 mediante posta elettronica cliccando sull\u2019apposito link presente all\u2019interno delle e-mail ricevute e seguendo le istruzioni indicate.<\/p>\n<h2>8- Modifiche alla Politica sulla privacy<\/h2>\n<p>La nostra Politica sulla privacy potr\u00e0 essere aggiornata in base a modifiche e disposizioni legislative e a migliorie e modifiche apportate al nostro modo di offrire e fornire nuovi servizi. Raccomandiamo pertanto di visitare e di accedere periodicamente alla nostra Politica sulla privacy per prendere visione delle ultime modifiche introdotte. Nel caso in cui tali modifiche riguardino il consenso fornito dall\u2019utente, l\u2019utente ricever\u00e0 una specifica comunicazione con cui potr\u00e0 dare un nuovo consenso.<\/p>\n<p>Se l\u2019utente dovesse avere dubbi o domande circa la nostra Politica sulla privacy o desiderasse esercitare un diritto o un\u2019azione in relazione ai propri dati personali, potr\u00e0 farlo scrivendo all\u2019indirizzo e-mail <a href=\"mailto:marketing@salvatorejoyeros.com\">marketing@salvatorejoyeros.com<\/a>.<\/p>\n<\/div><\/div><\/div><style type=\"text\/css\">.fusion-body .fusion-builder-column-0{width:100% !important;margin-top : 0px;margin-bottom : 0px;}.fusion-builder-column-0 > .fusion-column-wrapper {padding-top : 0px !important;padding-right : 0px !important;margin-right : 1.92%;padding-bottom : 0px !important;padding-left : 0px !important;margin-left : 1.92%;}@media only screen and (max-width:900px) {.fusion-body .fusion-builder-column-0{width:100% !important;}.fusion-builder-column-0 > .fusion-column-wrapper {margin-right : 1.92%;margin-left : 1.92%;}}@media only screen and (max-width:600px) {.fusion-body .fusion-builder-column-0{width:100% !important;}.fusion-builder-column-0 > .fusion-column-wrapper {margin-right : 1.92%;margin-left : 1.92%;}}<\/style><\/div><style type=\"text\/css\">.fusion-body .fusion-flex-container.fusion-builder-row-1{ padding-top : 0px;margin-top : 0px;padding-right : 0px;padding-bottom : 0px;margin-bottom : 0px;padding-left : 0px;}<\/style><\/div>\n","protected":false},"excerpt":{"rendered":"","protected":false},"author":1,"featured_media":0,"parent":0,"menu_order":0,"comment_status":"closed","ping_status":"closed","template":"","meta":{"_acf_changed":false,"footnotes":""},"class_list":["post-8158","page","type-page","status-publish","hentry"],"acf":[],"yoast_head":"<!-- This site is optimized with the Yoast SEO plugin v27.3 - https:\/\/yoast.com\/product\/yoast-seo-wordpress\/ -->\n<title>Politica sulla privacy - Salvatore Plata<\/title>\n<meta name=\"robots\" content=\"index, follow, max-snippet:-1, max-image-preview:large, max-video-preview:-1\" \/>\n<link rel=\"canonical\" href=\"https:\/\/salvatoreplata.es\/it\/politica-sulla-privacy\/\" \/>\n<meta property=\"og:locale\" content=\"it_IT\" \/>\n<meta property=\"og:type\" content=\"article\" \/>\n<meta property=\"og:title\" content=\"Politica sulla privacy - Salvatore Plata\" \/>\n<meta property=\"og:url\" content=\"https:\/\/salvatoreplata.es\/it\/politica-sulla-privacy\/\" \/>\n<meta property=\"og:site_name\" content=\"Salvatore Plata\" \/>\n<meta property=\"article:publisher\" content=\"https:\/\/www.facebook.com\/salvatoreplata\" \/>\n<meta property=\"article:modified_time\" content=\"2022-11-09T09:23:51+00:00\" \/>\n<meta name=\"twitter:card\" content=\"summary_large_image\" \/>\n<meta name=\"twitter:site\" content=\"@salvatoreplata\" \/>\n<meta name=\"twitter:label1\" content=\"Tempo di lettura stimato\" \/>\n\t<meta name=\"twitter:data1\" content=\"6 minuti\" \/>\n<script type=\"application\/ld+json\" class=\"yoast-schema-graph\">{\"@context\":\"https:\\\/\\\/schema.org\",\"@graph\":[{\"@type\":\"WebPage\",\"@id\":\"https:\\\/\\\/salvatoreplata.es\\\/it\\\/politica-sulla-privacy\\\/\",\"url\":\"https:\\\/\\\/salvatoreplata.es\\\/it\\\/politica-sulla-privacy\\\/\",\"name\":\"Politica sulla privacy - Salvatore Plata\",\"isPartOf\":{\"@id\":\"https:\\\/\\\/salvatoreplata.es\\\/it\\\/#website\"},\"datePublished\":\"2022-10-06T11:03:40+00:00\",\"dateModified\":\"2022-11-09T09:23:51+00:00\",\"breadcrumb\":{\"@id\":\"https:\\\/\\\/salvatoreplata.es\\\/it\\\/politica-sulla-privacy\\\/#breadcrumb\"},\"inLanguage\":\"it-IT\",\"potentialAction\":[{\"@type\":\"ReadAction\",\"target\":[\"https:\\\/\\\/salvatoreplata.es\\\/it\\\/politica-sulla-privacy\\\/\"]}]},{\"@type\":\"BreadcrumbList\",\"@id\":\"https:\\\/\\\/salvatoreplata.es\\\/it\\\/politica-sulla-privacy\\\/#breadcrumb\",\"itemListElement\":[{\"@type\":\"ListItem\",\"position\":1,\"name\":\"Portada\",\"item\":\"https:\\\/\\\/salvatoreplata.es\\\/it\\\/\"},{\"@type\":\"ListItem\",\"position\":2,\"name\":\"Politica sulla privacy\"}]},{\"@type\":\"WebSite\",\"@id\":\"https:\\\/\\\/salvatoreplata.es\\\/it\\\/#website\",\"url\":\"https:\\\/\\\/salvatoreplata.es\\\/it\\\/\",\"name\":\"Salvatore Plata\",\"description\":\"\",\"publisher\":{\"@id\":\"https:\\\/\\\/salvatoreplata.es\\\/it\\\/#organization\"},\"potentialAction\":[{\"@type\":\"SearchAction\",\"target\":{\"@type\":\"EntryPoint\",\"urlTemplate\":\"https:\\\/\\\/salvatoreplata.es\\\/it\\\/?s={search_term_string}\"},\"query-input\":{\"@type\":\"PropertyValueSpecification\",\"valueRequired\":true,\"valueName\":\"search_term_string\"}}],\"inLanguage\":\"it-IT\"},{\"@type\":\"Organization\",\"@id\":\"https:\\\/\\\/salvatoreplata.es\\\/it\\\/#organization\",\"name\":\"Salvatore Plata\",\"url\":\"https:\\\/\\\/salvatoreplata.es\\\/it\\\/\",\"logo\":{\"@type\":\"ImageObject\",\"inLanguage\":\"it-IT\",\"@id\":\"https:\\\/\\\/salvatoreplata.es\\\/it\\\/#\\\/schema\\\/logo\\\/image\\\/\",\"url\":\"https:\\\/\\\/salvatoreplata.es\\\/wp-content\\\/uploads\\\/2022\\\/06\\\/salvatore-plata-negro.png\",\"contentUrl\":\"https:\\\/\\\/salvatoreplata.es\\\/wp-content\\\/uploads\\\/2022\\\/06\\\/salvatore-plata-negro.png\",\"width\":400,\"height\":68,\"caption\":\"Salvatore Plata\"},\"image\":{\"@id\":\"https:\\\/\\\/salvatoreplata.es\\\/it\\\/#\\\/schema\\\/logo\\\/image\\\/\"},\"sameAs\":[\"https:\\\/\\\/www.facebook.com\\\/salvatoreplata\",\"https:\\\/\\\/x.com\\\/salvatoreplata\",\"https:\\\/\\\/www.instagram.com\\\/salvatore_plata\\\/\",\"https:\\\/\\\/www.youtube.com\\\/channel\\\/UCwYa7BspovHvAG8ikhdHPmQ\",\"http:\\\/\\\/www.pinterest.com\\\/salvatoreplata\\\/\"]}]}<\/script>\n<!-- \/ Yoast SEO plugin. -->","yoast_head_json":{"title":"Politica sulla privacy - Salvatore Plata","robots":{"index":"index","follow":"follow","max-snippet":"max-snippet:-1","max-image-preview":"max-image-preview:large","max-video-preview":"max-video-preview:-1"},"canonical":"https:\/\/salvatoreplata.es\/it\/politica-sulla-privacy\/","og_locale":"it_IT","og_type":"article","og_title":"Politica sulla privacy - Salvatore Plata","og_url":"https:\/\/salvatoreplata.es\/it\/politica-sulla-privacy\/","og_site_name":"Salvatore Plata","article_publisher":"https:\/\/www.facebook.com\/salvatoreplata","article_modified_time":"2022-11-09T09:23:51+00:00","twitter_card":"summary_large_image","twitter_site":"@salvatoreplata","twitter_misc":{"Tempo di lettura stimato":"6 minuti"},"schema":{"@context":"https:\/\/schema.org","@graph":[{"@type":"WebPage","@id":"https:\/\/salvatoreplata.es\/it\/politica-sulla-privacy\/","url":"https:\/\/salvatoreplata.es\/it\/politica-sulla-privacy\/","name":"Politica sulla privacy - Salvatore Plata","isPartOf":{"@id":"https:\/\/salvatoreplata.es\/it\/#website"},"datePublished":"2022-10-06T11:03:40+00:00","dateModified":"2022-11-09T09:23:51+00:00","breadcrumb":{"@id":"https:\/\/salvatoreplata.es\/it\/politica-sulla-privacy\/#breadcrumb"},"inLanguage":"it-IT","potentialAction":[{"@type":"ReadAction","target":["https:\/\/salvatoreplata.es\/it\/politica-sulla-privacy\/"]}]},{"@type":"BreadcrumbList","@id":"https:\/\/salvatoreplata.es\/it\/politica-sulla-privacy\/#breadcrumb","itemListElement":[{"@type":"ListItem","position":1,"name":"Portada","item":"https:\/\/salvatoreplata.es\/it\/"},{"@type":"ListItem","position":2,"name":"Politica sulla privacy"}]},{"@type":"WebSite","@id":"https:\/\/salvatoreplata.es\/it\/#website","url":"https:\/\/salvatoreplata.es\/it\/","name":"Salvatore Plata","description":"","publisher":{"@id":"https:\/\/salvatoreplata.es\/it\/#organization"},"potentialAction":[{"@type":"SearchAction","target":{"@type":"EntryPoint","urlTemplate":"https:\/\/salvatoreplata.es\/it\/?s={search_term_string}"},"query-input":{"@type":"PropertyValueSpecification","valueRequired":true,"valueName":"search_term_string"}}],"inLanguage":"it-IT"},{"@type":"Organization","@id":"https:\/\/salvatoreplata.es\/it\/#organization","name":"Salvatore Plata","url":"https:\/\/salvatoreplata.es\/it\/","logo":{"@type":"ImageObject","inLanguage":"it-IT","@id":"https:\/\/salvatoreplata.es\/it\/#\/schema\/logo\/image\/","url":"https:\/\/salvatoreplata.es\/wp-content\/uploads\/2022\/06\/salvatore-plata-negro.png","contentUrl":"https:\/\/salvatoreplata.es\/wp-content\/uploads\/2022\/06\/salvatore-plata-negro.png","width":400,"height":68,"caption":"Salvatore Plata"},"image":{"@id":"https:\/\/salvatoreplata.es\/it\/#\/schema\/logo\/image\/"},"sameAs":["https:\/\/www.facebook.com\/salvatoreplata","https:\/\/x.com\/salvatoreplata","https:\/\/www.instagram.com\/salvatore_plata\/","https:\/\/www.youtube.com\/channel\/UCwYa7BspovHvAG8ikhdHPmQ","http:\/\/www.pinterest.com\/salvatoreplata\/"]}]}},"_links":{"self":[{"href":"https:\/\/salvatoreplata.es\/it\/wp-json\/wp\/v2\/pages\/8158","targetHints":{"allow":["GET"]}}],"collection":[{"href":"https:\/\/salvatoreplata.es\/it\/wp-json\/wp\/v2\/pages"}],"about":[{"href":"https:\/\/salvatoreplata.es\/it\/wp-json\/wp\/v2\/types\/page"}],"author":[{"embeddable":true,"href":"https:\/\/salvatoreplata.es\/it\/wp-json\/wp\/v2\/users\/1"}],"replies":[{"embeddable":true,"href":"https:\/\/salvatoreplata.es\/it\/wp-json\/wp\/v2\/comments?post=8158"}],"version-history":[{"count":2,"href":"https:\/\/salvatoreplata.es\/it\/wp-json\/wp\/v2\/pages\/8158\/revisions"}],"predecessor-version":[{"id":8379,"href":"https:\/\/salvatoreplata.es\/it\/wp-json\/wp\/v2\/pages\/8158\/revisions\/8379"}],"wp:attachment":[{"href":"https:\/\/salvatoreplata.es\/it\/wp-json\/wp\/v2\/media?parent=8158"}],"curies":[{"name":"wp","href":"https:\/\/api.w.org\/{rel}","templated":true}]}}